{"id":57,"date":"2024-06-26T12:37:29","date_gmt":"2024-06-26T12:37:29","guid":{"rendered":"https:\/\/agenciarockstar.com.br\/meninascenografia\/?page_id=57"},"modified":"2024-08-16T18:59:44","modified_gmt":"2024-08-16T18:59:44","slug":"blog","status":"publish","type":"page","link":"https:\/\/agenciarockstar.com.br\/meninascenografia\/blog\/","title":{"rendered":"Blog"},"content":{"rendered":"\t\t<div data-elementor-type=\"wp-page\" data-elementor-id=\"57\" class=\"elementor elementor-57\" data-elementor-post-type=\"page\">\n\t\t\t\t\t\t<section class=\"elementor-section elementor-top-section elementor-element elementor-element-118282ab elementor-section-boxed elementor-section-height-default elementor-section-height-default\" data-id=\"118282ab\" data-element_type=\"section\" data-settings=\"{&quot;background_background&quot;:&quot;classic&quot;,&quot;ekit_has_onepagescroll_dot&quot;:&quot;yes&quot;}\">\n\t\t\t\t\t\t\t<div class=\"elementor-background-overlay\"><\/div>\n\t\t\t\t\t\t\t<div class=\"elementor-container elementor-column-gap-default\">\n\t\t\t\t\t<div class=\"elementor-column elementor-col-100 elementor-top-column elementor-element elementor-element-f0c5e4c\" data-id=\"f0c5e4c\" data-element_type=\"column\">\n\t\t\t<div class=\"elementor-widget-wrap elementor-element-populated\">\n\t\t\t\t\t\t<div class=\"elementor-element elementor-element-9a5984e elementor-widget elementor-widget-heading\" data-id=\"9a5984e\" data-element_type=\"widget\" data-settings=\"{&quot;ekit_we_effect_on&quot;:&quot;none&quot;}\" data-widget_type=\"heading.default\">\n\t\t\t\t<div class=\"elementor-widget-container\">\n\t\t\t<style>\/*! elementor - v3.23.0 - 25-07-2024 *\/\n.elementor-heading-title{padding:0;margin:0;line-height:1}.elementor-widget-heading .elementor-heading-title[class*=elementor-size-]>a{color:inherit;font-size:inherit;line-height:inherit}.elementor-widget-heading .elementor-heading-title.elementor-size-small{font-size:15px}.elementor-widget-heading .elementor-heading-title.elementor-size-medium{font-size:19px}.elementor-widget-heading .elementor-heading-title.elementor-size-large{font-size:29px}.elementor-widget-heading .elementor-heading-title.elementor-size-xl{font-size:39px}.elementor-widget-heading .elementor-heading-title.elementor-size-xxl{font-size:59px}<\/style><h2 class=\"elementor-heading-title elementor-size-default\">Blog<\/h2>\t\t<\/div>\n\t\t\t\t<\/div>\n\t\t\t\t<div class=\"elementor-element elementor-element-29438ed6 elementor-icon-list--layout-inline elementor-align-center elementor-list-item-link-full_width elementor-invisible elementor-widget elementor-widget-icon-list\" data-id=\"29438ed6\" data-element_type=\"widget\" data-settings=\"{&quot;_animation&quot;:&quot;fadeIn&quot;,&quot;_animation_delay&quot;:&quot;200&quot;,&quot;ekit_we_effect_on&quot;:&quot;none&quot;}\" data-widget_type=\"icon-list.default\">\n\t\t\t\t<div class=\"elementor-widget-container\">\n\t\t\t<link rel=\"stylesheet\" href=\"https:\/\/agenciarockstar.com.br\/meninascenografia\/wp-content\/plugins\/elementor\/assets\/css\/widget-icon-list.min.css\">\t\t<ul class=\"elementor-icon-list-items elementor-inline-items\">\n\t\t\t\t\t\t\t<li class=\"elementor-icon-list-item elementor-inline-item\">\n\t\t\t\t\t\t\t\t\t\t<span class=\"elementor-icon-list-text\">Home<\/span>\n\t\t\t\t\t\t\t\t\t<\/li>\n\t\t\t\t\t\t\t\t<li class=\"elementor-icon-list-item elementor-inline-item\">\n\t\t\t\t\t\t\t\t\t\t\t<span class=\"elementor-icon-list-icon\">\n\t\t\t\t\t\t\t<svg aria-hidden=\"true\" class=\"e-font-icon-svg e-fas-chevron-right\" viewBox=\"0 0 320 512\" xmlns=\"http:\/\/www.w3.org\/2000\/svg\"><path d=\"M285.476 272.971L91.132 467.314c-9.373 9.373-24.569 9.373-33.941 0l-22.667-22.667c-9.357-9.357-9.375-24.522-.04-33.901L188.505 256 34.484 101.255c-9.335-9.379-9.317-24.544.04-33.901l22.667-22.667c9.373-9.373 24.569-9.373 33.941 0L285.475 239.03c9.373 9.372 9.373 24.568.001 33.941z\"><\/path><\/svg>\t\t\t\t\t\t<\/span>\n\t\t\t\t\t\t\t\t\t\t<span class=\"elementor-icon-list-text\">Blog<\/span>\n\t\t\t\t\t\t\t\t\t<\/li>\n\t\t\t\t\t\t<\/ul>\n\t\t\t\t<\/div>\n\t\t\t\t<\/div>\n\t\t\t\t\t<\/div>\n\t\t<\/div>\n\t\t\t\t\t<\/div>\n\t\t<\/section>\n\t\t\t\t<section class=\"elementor-section elementor-top-section elementor-element elementor-element-4a92a199 elementor-section-boxed elementor-section-height-default elementor-section-height-default\" data-id=\"4a92a199\" data-element_type=\"section\" data-settings=\"{&quot;ekit_has_onepagescroll_dot&quot;:&quot;yes&quot;}\">\n\t\t\t\t\t\t<div class=\"elementor-container elementor-column-gap-default\">\n\t\t\t\t\t<div class=\"elementor-column elementor-col-100 elementor-top-column elementor-element elementor-element-38a69420\" data-id=\"38a69420\" data-element_type=\"column\">\n\t\t\t<div class=\"elementor-widget-wrap elementor-element-populated\">\n\t\t\t\t\t\t<div class=\"elementor-element elementor-element-1886700e elementor-invisible elementor-widget elementor-widget-jkit_post_block\" data-id=\"1886700e\" data-element_type=\"widget\" data-settings=\"{&quot;_animation&quot;:&quot;fadeInUp&quot;,&quot;_animation_delay&quot;:200,&quot;ekit_we_effect_on&quot;:&quot;none&quot;}\" data-widget_type=\"jkit_post_block.default\">\n\t\t\t\t<div class=\"elementor-widget-container\">\n\t\t\t<div  class=\"jeg-elementor-kit jkit-postblock postblock-type-3 jkit-pagination-nextprev post-element jeg_module___69e9b3eec1118\"  data-id=\"jeg_module___69e9b3eec1118\" data-settings=\"{&quot;post_type&quot;:&quot;post&quot;,&quot;number_post&quot;:{&quot;unit&quot;:&quot;px&quot;,&quot;size&quot;:6,&quot;sizes&quot;:[]},&quot;post_offset&quot;:0,&quot;unique_content&quot;:&quot;disable&quot;,&quot;include_post&quot;:&quot;&quot;,&quot;exclude_post&quot;:&quot;&quot;,&quot;include_category&quot;:&quot;&quot;,&quot;exclude_category&quot;:&quot;&quot;,&quot;include_author&quot;:&quot;&quot;,&quot;include_tag&quot;:&quot;&quot;,&quot;exclude_tag&quot;:&quot;&quot;,&quot;sort_by&quot;:&quot;latest&quot;,&quot;pagination_mode&quot;:&quot;nextprev&quot;,&quot;pagination_loadmore_text&quot;:&quot;Load More&quot;,&quot;pagination_loading_text&quot;:&quot;Loading...&quot;,&quot;pagination_number_post&quot;:{&quot;unit&quot;:&quot;px&quot;,&quot;size&quot;:3,&quot;sizes&quot;:[]},&quot;pagination_scroll_limit&quot;:0,&quot;pagination_icon&quot;:{&quot;value&quot;:&quot;&quot;,&quot;library&quot;:&quot;&quot;},&quot;pagination_icon_position&quot;:&quot;before&quot;,&quot;st_category_position&quot;:&quot;left&quot;,&quot;sg_content_postblock_type&quot;:&quot;type-3&quot;,&quot;sg_content_element_order&quot;:&quot;title,meta,excerpt,read&quot;,&quot;sg_content_breakpoint&quot;:&quot;tablet&quot;,&quot;sg_content_title_html_tag&quot;:&quot;h3&quot;,&quot;sg_content_category_enable&quot;:&quot;yes&quot;,&quot;sg_content_excerpt_enable&quot;:&quot;yes&quot;,&quot;sg_content_excerpt_length&quot;:{&quot;unit&quot;:&quot;px&quot;,&quot;size&quot;:3,&quot;sizes&quot;:[]},&quot;sg_content_excerpt_more&quot;:&quot;...&quot;,&quot;sg_content_readmore_enable&quot;:&quot;yes&quot;,&quot;sg_content_readmore_icon&quot;:{&quot;value&quot;:&quot;jki jki-arrow-right-solid&quot;,&quot;library&quot;:&quot;jkiticon&quot;},&quot;sg_content_readmore_icon_position&quot;:&quot;after&quot;,&quot;sg_content_readmore_text&quot;:&quot;Leia mais&quot;,&quot;sg_content_comment_enable&quot;:&quot;&quot;,&quot;sg_content_comment_icon&quot;:{&quot;value&quot;:&quot;fas fa-comment&quot;,&quot;library&quot;:&quot;fa-solid&quot;},&quot;sg_content_comment_icon_position&quot;:&quot;before&quot;,&quot;sg_content_meta_enable&quot;:&quot;yes&quot;,&quot;sg_content_meta_author_enable&quot;:&quot;&quot;,&quot;sg_content_meta_author_by_text&quot;:&quot;by&quot;,&quot;sg_content_meta_author_icon&quot;:{&quot;value&quot;:&quot;fas fa-user&quot;,&quot;library&quot;:&quot;fa-solid&quot;},&quot;sg_content_meta_author_icon_position&quot;:&quot;before&quot;,&quot;sg_content_meta_date_enable&quot;:&quot;yes&quot;,&quot;sg_content_meta_date_type&quot;:&quot;published&quot;,&quot;sg_content_meta_date_format&quot;:&quot;default&quot;,&quot;sg_content_meta_date_format_custom&quot;:&quot;F j, Y&quot;,&quot;sg_content_meta_date_icon&quot;:{&quot;value&quot;:&quot;&quot;,&quot;library&quot;:&quot;&quot;},&quot;sg_content_meta_date_icon_position&quot;:&quot;before&quot;,&quot;sg_content_image_size_imagesize_size&quot;:&quot;large&quot;,&quot;paged&quot;:1,&quot;class&quot;:&quot;jkit_post_block&quot;}\"><div class=\"jkit-block-container\"><div class=\"jkit-posts jkit-ajax-flag\">\n            <article class=\"jkit-post post-240 post type-post status-publish format-standard has-post-thumbnail hentry category-blog\">\n                    <div class=\"jkit-thumb\"><a aria-label=\"Estrat\u00e9gias para enfrentar o gerenciamento de res\u00edduos em eventos\" href=\"https:\/\/agenciarockstar.com.br\/meninascenografia\/estrategias-para-enfrentar-o-gerenciamento-de-residuos-em-eventos\/\"><div class=\"thumbnail-container \">\n            <img loading=\"lazy\" decoding=\"async\" width=\"800\" height=\"534\" src=\"https:\/\/agenciarockstar.com.br\/meninascenografia\/wp-content\/uploads\/2024\/07\/another-project-well-done-full-length-of-young-business-people-drinking-champagne-and-smiling-while-standing-behind-the-glass-wall-in-the-board-room-photo-1024x683.jpg\" class=\"attachment-large size-large wp-post-image\" alt=\"\" loading=\"lazy\" srcset=\"https:\/\/agenciarockstar.com.br\/meninascenografia\/wp-content\/uploads\/2024\/07\/another-project-well-done-full-length-of-young-business-people-drinking-champagne-and-smiling-while-standing-behind-the-glass-wall-in-the-board-room-photo-1024x683.jpg 1024w, https:\/\/agenciarockstar.com.br\/meninascenografia\/wp-content\/uploads\/2024\/07\/another-project-well-done-full-length-of-young-business-people-drinking-champagne-and-smiling-while-standing-behind-the-glass-wall-in-the-board-room-photo-300x200.jpg 300w, https:\/\/agenciarockstar.com.br\/meninascenografia\/wp-content\/uploads\/2024\/07\/another-project-well-done-full-length-of-young-business-people-drinking-champagne-and-smiling-while-standing-behind-the-glass-wall-in-the-board-room-photo-768x512.jpg 768w, https:\/\/agenciarockstar.com.br\/meninascenografia\/wp-content\/uploads\/2024\/07\/another-project-well-done-full-length-of-young-business-people-drinking-champagne-and-smiling-while-standing-behind-the-glass-wall-in-the-board-room-photo.jpg 1470w\" sizes=\"(max-width: 800px) 100vw, 800px\" \/>\n        <\/div><\/a><div class=\"jkit-post-category position-left\"><span><a href=\"https:\/\/agenciarockstar.com.br\/meninascenografia\/category\/blog\/\" class=\"category-blog\">Blog<\/a><\/span><\/div><\/div>\n                    <div class=\"jkit-postblock-content\"><h3 class=\"jkit-post-title\">\n\t\t\t\t\t\t\t<a href=\"https:\/\/agenciarockstar.com.br\/meninascenografia\/estrategias-para-enfrentar-o-gerenciamento-de-residuos-em-eventos\/\">Estrat\u00e9gias para enfrentar o gerenciamento de res\u00edduos em eventos<\/a>\n\t\t\t\t\t\t<\/h3><div class=\"jkit-post-meta\"><div class=\"jkit-meta-date icon-position-before\">julho 1, 2024<\/div><\/div><div class=\"jkit-post-excerpt\"><p>Conte\u00fado publicado originalmente...<\/p><\/div><div class=\"jkit-post-meta-bottom\">\n\t\t\t\t\t\t\t<div class=\"jkit-meta-readmore icon-position-after\">\n                <a title=\"Estrat\u00e9gias para enfrentar o gerenciamento de res\u00edduos em eventos\" href=\"https:\/\/agenciarockstar.com.br\/meninascenografia\/estrategias-para-enfrentar-o-gerenciamento-de-residuos-em-eventos\/\" class=\"jkit-readmore\">Leia mais<i aria-hidden=\"true\" class=\"jki jki-arrow-right-solid\"><\/i><\/a>\n            <\/div>\n\t\t\t\t\t\t<\/div><\/div>\n                <\/article><article class=\"jkit-post post-237 post type-post status-publish format-standard has-post-thumbnail hentry category-blog\">\n                    <div class=\"jkit-thumb\"><a aria-label=\"Ver\u00f4nica Marques: \u201cO mundo ser\u00e1 melhor quanto mais criativo for\u201d\" href=\"https:\/\/agenciarockstar.com.br\/meninascenografia\/veronica-marques-o-mundo-sera-melhor-quanto-mais-criativo-for\/\"><div class=\"thumbnail-container \">\n            <img loading=\"lazy\" decoding=\"async\" width=\"800\" height=\"448\" src=\"https:\/\/agenciarockstar.com.br\/meninascenografia\/wp-content\/uploads\/2024\/07\/background_242182414-1-1024x574.jpg\" class=\"attachment-large size-large wp-post-image\" alt=\"\" loading=\"lazy\" srcset=\"https:\/\/agenciarockstar.com.br\/meninascenografia\/wp-content\/uploads\/2024\/07\/background_242182414-1-1024x574.jpg 1024w, https:\/\/agenciarockstar.com.br\/meninascenografia\/wp-content\/uploads\/2024\/07\/background_242182414-1-300x168.jpg 300w, https:\/\/agenciarockstar.com.br\/meninascenografia\/wp-content\/uploads\/2024\/07\/background_242182414-1-768x430.jpg 768w, https:\/\/agenciarockstar.com.br\/meninascenografia\/wp-content\/uploads\/2024\/07\/background_242182414-1-1536x861.jpg 1536w, https:\/\/agenciarockstar.com.br\/meninascenografia\/wp-content\/uploads\/2024\/07\/background_242182414-1-2048x1148.jpg 2048w\" sizes=\"(max-width: 800px) 100vw, 800px\" \/>\n        <\/div><\/a><div class=\"jkit-post-category position-left\"><span><a href=\"https:\/\/agenciarockstar.com.br\/meninascenografia\/category\/blog\/\" class=\"category-blog\">Blog<\/a><\/span><\/div><\/div>\n                    <div class=\"jkit-postblock-content\"><h3 class=\"jkit-post-title\">\n\t\t\t\t\t\t\t<a href=\"https:\/\/agenciarockstar.com.br\/meninascenografia\/veronica-marques-o-mundo-sera-melhor-quanto-mais-criativo-for\/\">Ver\u00f4nica Marques: \u201cO mundo ser\u00e1 melhor quanto mais criativo for\u201d<\/a>\n\t\t\t\t\t\t<\/h3><div class=\"jkit-post-meta\"><div class=\"jkit-meta-date icon-position-before\">julho 1, 2024<\/div><\/div><div class=\"jkit-post-excerpt\"><p>Conte\u00fado publicado originalmente...<\/p><\/div><div class=\"jkit-post-meta-bottom\">\n\t\t\t\t\t\t\t<div class=\"jkit-meta-readmore icon-position-after\">\n                <a title=\"Ver\u00f4nica Marques: \u201cO mundo ser\u00e1 melhor quanto mais criativo for\u201d\" href=\"https:\/\/agenciarockstar.com.br\/meninascenografia\/veronica-marques-o-mundo-sera-melhor-quanto-mais-criativo-for\/\" class=\"jkit-readmore\">Leia mais<i aria-hidden=\"true\" class=\"jki jki-arrow-right-solid\"><\/i><\/a>\n            <\/div>\n\t\t\t\t\t\t<\/div><\/div>\n                <\/article><article class=\"jkit-post post-235 post type-post status-publish format-standard has-post-thumbnail hentry category-blog\">\n                    <div class=\"jkit-thumb\"><a aria-label=\"O que voc\u00ea precisa saber sobre o SXSW, o maior festival de inova\u00e7\u00e3o do mundo\" href=\"https:\/\/agenciarockstar.com.br\/meninascenografia\/o-que-voce-precisa-saber-sobre-o-sxsw-o-maior-festival-de-inovacao-do-mundo\/\"><div class=\"thumbnail-container \">\n            <img loading=\"lazy\" decoding=\"async\" width=\"800\" height=\"450\" src=\"https:\/\/agenciarockstar.com.br\/meninascenografia\/wp-content\/uploads\/2024\/07\/19_sxsw_website-seo-1024x576.webp\" class=\"attachment-large size-large wp-post-image\" alt=\"\" loading=\"lazy\" srcset=\"https:\/\/agenciarockstar.com.br\/meninascenografia\/wp-content\/uploads\/2024\/07\/19_sxsw_website-seo-1024x576.webp 1024w, https:\/\/agenciarockstar.com.br\/meninascenografia\/wp-content\/uploads\/2024\/07\/19_sxsw_website-seo-300x169.webp 300w, https:\/\/agenciarockstar.com.br\/meninascenografia\/wp-content\/uploads\/2024\/07\/19_sxsw_website-seo-768x432.webp 768w, https:\/\/agenciarockstar.com.br\/meninascenografia\/wp-content\/uploads\/2024\/07\/19_sxsw_website-seo.webp 1440w\" sizes=\"(max-width: 800px) 100vw, 800px\" \/>\n        <\/div><\/a><div class=\"jkit-post-category position-left\"><span><a href=\"https:\/\/agenciarockstar.com.br\/meninascenografia\/category\/blog\/\" class=\"category-blog\">Blog<\/a><\/span><\/div><\/div>\n                    <div class=\"jkit-postblock-content\"><h3 class=\"jkit-post-title\">\n\t\t\t\t\t\t\t<a href=\"https:\/\/agenciarockstar.com.br\/meninascenografia\/o-que-voce-precisa-saber-sobre-o-sxsw-o-maior-festival-de-inovacao-do-mundo\/\">O que voc\u00ea precisa saber sobre o SXSW, o maior festival de inova\u00e7\u00e3o do mundo<\/a>\n\t\t\t\t\t\t<\/h3><div class=\"jkit-post-meta\"><div class=\"jkit-meta-date icon-position-before\">julho 1, 2024<\/div><\/div><div class=\"jkit-post-excerpt\"><p>Conte\u00fado publicado originalmente...<\/p><\/div><div class=\"jkit-post-meta-bottom\">\n\t\t\t\t\t\t\t<div class=\"jkit-meta-readmore icon-position-after\">\n                <a title=\"O que voc\u00ea precisa saber sobre o SXSW, o maior festival de inova\u00e7\u00e3o do mundo\" href=\"https:\/\/agenciarockstar.com.br\/meninascenografia\/o-que-voce-precisa-saber-sobre-o-sxsw-o-maior-festival-de-inovacao-do-mundo\/\" class=\"jkit-readmore\">Leia mais<i aria-hidden=\"true\" class=\"jki jki-arrow-right-solid\"><\/i><\/a>\n            <\/div>\n\t\t\t\t\t\t<\/div><\/div>\n                <\/article>\n        <\/div><div class=\"jkit-preloader-overlay\">\n\t\t\t\t\t<div class=\"jkit-preloader-type jkit-preloader-dot\">\n\t\t\t\t\t\t<div class=\"jkit-preloader\">\n\t\t\t\t\t\t\t<span><\/span><span><\/span><span><\/span>\n\t\t\t\t\t\t<\/div>\n\t\t\t\t\t<\/div>\n\t\t\t\t<\/div><\/div><div class=\"jkit-block-pagination jkit-align\"><div class=\"jkit-pagination-button jkit-block-nextprev jkit-nextprev-edge\">\n\t\t\t\t\t\t<a href=\"#\" class=\"prev disabled\" title=\"Previous\"><i aria-hidden=\"true\" class=\"jki jki-angle-left-solid\"><\/i><\/a>\n\t\t\t\t\t\t<a href=\"#\" class=\"next disabled\" title=\"Next\"><i aria-hidden=\"true\" class=\"jki jki-angle-right-solid\"><\/i><\/a>\n\t\t\t\t\t<\/div><\/div><\/div>\t\t<\/div>\n\t\t\t\t<\/div>\n\t\t\t\t\t<\/div>\n\t\t<\/div>\n\t\t\t\t\t<\/div>\n\t\t<\/section>\n\t\t\t\t<\/div>\n\t\t","protected":false},"excerpt":{"rendered":"<p>Home edit post Blog Estrat\u00e9gias para enfrentar o gerenciamento de res\u00edduos em eventos julho 1, 2024 Conte\u00fado publicado originalmente&#8230; Leia mais edit post Blog Ver\u00f4nica Marques: \u201cO mundo ser\u00e1 melhor quanto mais criativo for\u201d julho 1, 2024 Conte\u00fado publicado originalmente&#8230; Leia mais edit post Blog O que voc\u00ea precisa saber sobre o SXSW, o maior [&hellip;]<\/p>\n","protected":false},"author":1,"featured_media":0,"parent":0,"menu_order":0,"comment_status":"closed","ping_status":"closed","template":"elementor_header_footer","meta":{"footnotes":""},"class_list":["post-57","page","type-page","status-publish","hentry"],"_links":{"self":[{"href":"https:\/\/agenciarockstar.com.br\/meninascenografia\/wp-json\/wp\/v2\/pages\/57"}],"collection":[{"href":"https:\/\/agenciarockstar.com.br\/meninascenografia\/wp-json\/wp\/v2\/pages"}],"about":[{"href":"https:\/\/agenciarockstar.com.br\/meninascenografia\/wp-json\/wp\/v2\/types\/page"}],"author":[{"embeddable":true,"href":"https:\/\/agenciarockstar.com.br\/meninascenografia\/wp-json\/wp\/v2\/users\/1"}],"replies":[{"embeddable":true,"href":"https:\/\/agenciarockstar.com.br\/meninascenografia\/wp-json\/wp\/v2\/comments?post=57"}],"version-history":[{"count":19,"href":"https:\/\/agenciarockstar.com.br\/meninascenografia\/wp-json\/wp\/v2\/pages\/57\/revisions"}],"predecessor-version":[{"id":736,"href":"https:\/\/agenciarockstar.com.br\/meninascenografia\/wp-json\/wp\/v2\/pages\/57\/revisions\/736"}],"wp:attachment":[{"href":"https:\/\/agenciarockstar.com.br\/meninascenografia\/wp-json\/wp\/v2\/media?parent=57"}],"curies":[{"name":"wp","href":"https:\/\/api.w.org\/{rel}","templated":true}]}}