{"id":121,"date":"2024-06-26T15:31:51","date_gmt":"2024-06-26T15:31:51","guid":{"rendered":"https:\/\/agenciarockstar.com.br\/meninascenografia\/?page_id=121"},"modified":"2024-08-19T13:25:31","modified_gmt":"2024-08-19T13:25:31","slug":"cases","status":"publish","type":"page","link":"https:\/\/agenciarockstar.com.br\/meninascenografia\/cases\/","title":{"rendered":"Cases"},"content":{"rendered":"\t\t<div data-elementor-type=\"wp-page\" data-elementor-id=\"121\" class=\"elementor elementor-121\" data-elementor-post-type=\"page\">\n\t\t\t\t\t\t<section class=\"elementor-section elementor-top-section elementor-element elementor-element-c617fb2 elementor-section-boxed elementor-section-height-default elementor-section-height-default\" data-id=\"c617fb2\" data-element_type=\"section\" data-settings=\"{&quot;background_background&quot;:&quot;classic&quot;,&quot;ekit_has_onepagescroll_dot&quot;:&quot;yes&quot;}\">\n\t\t\t\t\t\t\t<div class=\"elementor-background-overlay\"><\/div>\n\t\t\t\t\t\t\t<div class=\"elementor-container elementor-column-gap-default\">\n\t\t\t\t\t<div class=\"elementor-column elementor-col-100 elementor-top-column elementor-element elementor-element-77a6b0e\" data-id=\"77a6b0e\" data-element_type=\"column\">\n\t\t\t<div class=\"elementor-widget-wrap elementor-element-populated\">\n\t\t\t\t\t\t<div class=\"elementor-element elementor-element-46cecfe elementor-widget elementor-widget-heading\" data-id=\"46cecfe\" data-element_type=\"widget\" data-settings=\"{&quot;ekit_we_effect_on&quot;:&quot;none&quot;}\" data-widget_type=\"heading.default\">\n\t\t\t\t<div class=\"elementor-widget-container\">\n\t\t\t<h2 class=\"elementor-heading-title elementor-size-default\">Cases<\/h2>\t\t<\/div>\n\t\t\t\t<\/div>\n\t\t\t\t<div class=\"elementor-element elementor-element-86a14d6 elementor-icon-list--layout-inline elementor-align-center elementor-list-item-link-full_width elementor-invisible elementor-widget elementor-widget-icon-list\" data-id=\"86a14d6\" data-element_type=\"widget\" data-settings=\"{&quot;_animation&quot;:&quot;fadeIn&quot;,&quot;_animation_delay&quot;:&quot;200&quot;,&quot;ekit_we_effect_on&quot;:&quot;none&quot;}\" data-widget_type=\"icon-list.default\">\n\t\t\t\t<div class=\"elementor-widget-container\">\n\t\t\t<link rel=\"stylesheet\" href=\"https:\/\/agenciarockstar.com.br\/meninascenografia\/wp-content\/plugins\/elementor\/assets\/css\/widget-icon-list.min.css\">\t\t<ul class=\"elementor-icon-list-items elementor-inline-items\">\n\t\t\t\t\t\t\t<li class=\"elementor-icon-list-item elementor-inline-item\">\n\t\t\t\t\t\t\t\t\t\t<span class=\"elementor-icon-list-text\">Home<\/span>\n\t\t\t\t\t\t\t\t\t<\/li>\n\t\t\t\t\t\t\t\t<li class=\"elementor-icon-list-item elementor-inline-item\">\n\t\t\t\t\t\t\t\t\t\t\t<span class=\"elementor-icon-list-icon\">\n\t\t\t\t\t\t\t<svg aria-hidden=\"true\" class=\"e-font-icon-svg e-fas-chevron-right\" viewBox=\"0 0 320 512\" xmlns=\"http:\/\/www.w3.org\/2000\/svg\"><path d=\"M285.476 272.971L91.132 467.314c-9.373 9.373-24.569 9.373-33.941 0l-22.667-22.667c-9.357-9.357-9.375-24.522-.04-33.901L188.505 256 34.484 101.255c-9.335-9.379-9.317-24.544.04-33.901l22.667-22.667c9.373-9.373 24.569-9.373 33.941 0L285.475 239.03c9.373 9.372 9.373 24.568.001 33.941z\"><\/path><\/svg>\t\t\t\t\t\t<\/span>\n\t\t\t\t\t\t\t\t\t\t<span class=\"elementor-icon-list-text\">Cases<\/span>\n\t\t\t\t\t\t\t\t\t<\/li>\n\t\t\t\t\t\t<\/ul>\n\t\t\t\t<\/div>\n\t\t\t\t<\/div>\n\t\t\t\t\t<\/div>\n\t\t<\/div>\n\t\t\t\t\t<\/div>\n\t\t<\/section>\n\t\t\t\t<section class=\"elementor-section elementor-top-section elementor-element elementor-element-0a2475f elementor-section-boxed elementor-section-height-default elementor-section-height-default\" data-id=\"0a2475f\" data-element_type=\"section\" data-settings=\"{&quot;background_background&quot;:&quot;classic&quot;,&quot;ekit_has_onepagescroll_dot&quot;:&quot;yes&quot;}\">\n\t\t\t\t\t\t\t<div class=\"elementor-background-overlay\"><\/div>\n\t\t\t\t\t\t\t<div class=\"elementor-container elementor-column-gap-default\">\n\t\t\t\t\t<div class=\"elementor-column elementor-col-100 elementor-top-column elementor-element elementor-element-992b2d2\" data-id=\"992b2d2\" data-element_type=\"column\">\n\t\t\t<div class=\"elementor-widget-wrap elementor-element-populated\">\n\t\t\t\t\t\t<div class=\"elementor-element elementor-element-384eab5 elementor-invisible elementor-widget elementor-widget-jkit_heading\" data-id=\"384eab5\" data-element_type=\"widget\" data-settings=\"{&quot;_animation&quot;:&quot;fadeInUp&quot;,&quot;ekit_we_effect_on&quot;:&quot;none&quot;}\" data-widget_type=\"jkit_heading.default\">\n\t\t\t\t<div class=\"elementor-widget-container\">\n\t\t\t<div  class=\"jeg-elementor-kit jkit-heading  align-center align-tablet- align-mobile- jeg_module___69e9cb1ae37ea\" ><div class=\"heading-section-title  display-inline-block\"><h2 class=\"heading-title\">Nossos Cases<\/h2><\/div><\/div>\t\t<\/div>\n\t\t\t\t<\/div>\n\t\t\t\t<section class=\"elementor-section elementor-inner-section elementor-element elementor-element-9ab2007 elementor-section-boxed elementor-section-height-default elementor-section-height-default elementor-invisible\" data-id=\"9ab2007\" data-element_type=\"section\" data-settings=\"{&quot;animation&quot;:&quot;fadeInRight&quot;,&quot;ekit_has_onepagescroll_dot&quot;:&quot;yes&quot;}\">\n\t\t\t\t\t\t<div class=\"elementor-container elementor-column-gap-no\">\n\t\t\t\t\t<div class=\"elementor-column elementor-col-50 elementor-inner-column elementor-element elementor-element-1593d16\" data-id=\"1593d16\" data-element_type=\"column\">\n\t\t\t<div class=\"elementor-widget-wrap elementor-element-populated\">\n\t\t\t\t\t\t<div class=\"elementor-element elementor-element-43c6d63 elementor-widget elementor-widget-image\" data-id=\"43c6d63\" data-element_type=\"widget\" data-settings=\"{&quot;ekit_we_effect_on&quot;:&quot;none&quot;}\" data-widget_type=\"image.default\">\n\t\t\t\t<div class=\"elementor-widget-container\">\n\t\t\t<style>\/*! elementor - v3.23.0 - 25-07-2024 *\/\n.elementor-widget-image{text-align:center}.elementor-widget-image a{display:inline-block}.elementor-widget-image a img[src$=\".svg\"]{width:48px}.elementor-widget-image img{vertical-align:middle;display:inline-block}<\/style>\t\t\t\t\t\t\t\t\t\t<img fetchpriority=\"high\" decoding=\"async\" width=\"1599\" height=\"899\" src=\"https:\/\/agenciarockstar.com.br\/meninascenografia\/wp-content\/uploads\/2024\/08\/2-1.jpg\" class=\"attachment-full size-full wp-image-544\" alt=\"\" srcset=\"https:\/\/agenciarockstar.com.br\/meninascenografia\/wp-content\/uploads\/2024\/08\/2-1.jpg 1599w, https:\/\/agenciarockstar.com.br\/meninascenografia\/wp-content\/uploads\/2024\/08\/2-1-300x169.jpg 300w, https:\/\/agenciarockstar.com.br\/meninascenografia\/wp-content\/uploads\/2024\/08\/2-1-1024x576.jpg 1024w, https:\/\/agenciarockstar.com.br\/meninascenografia\/wp-content\/uploads\/2024\/08\/2-1-768x432.jpg 768w, https:\/\/agenciarockstar.com.br\/meninascenografia\/wp-content\/uploads\/2024\/08\/2-1-1536x864.jpg 1536w\" sizes=\"(max-width: 1599px) 100vw, 1599px\" \/>\t\t\t\t\t\t\t\t\t\t\t\t\t<\/div>\n\t\t\t\t<\/div>\n\t\t\t\t\t<\/div>\n\t\t<\/div>\n\t\t\t\t<div class=\"elementor-column elementor-col-50 elementor-inner-column elementor-element elementor-element-86588da\" data-id=\"86588da\" data-element_type=\"column\">\n\t\t\t<div class=\"elementor-widget-wrap elementor-element-populated\">\n\t\t\t\t\t\t<div class=\"elementor-element elementor-element-f6b6d06 elementor-widget elementor-widget-heading\" data-id=\"f6b6d06\" data-element_type=\"widget\" data-settings=\"{&quot;ekit_we_effect_on&quot;:&quot;none&quot;}\" data-widget_type=\"heading.default\">\n\t\t\t\t<div class=\"elementor-widget-container\">\n\t\t\t<style>\/*! elementor - v3.23.0 - 25-07-2024 *\/\n.elementor-heading-title{padding:0;margin:0;line-height:1}.elementor-widget-heading .elementor-heading-title[class*=elementor-size-]>a{color:inherit;font-size:inherit;line-height:inherit}.elementor-widget-heading .elementor-heading-title.elementor-size-small{font-size:15px}.elementor-widget-heading .elementor-heading-title.elementor-size-medium{font-size:19px}.elementor-widget-heading .elementor-heading-title.elementor-size-large{font-size:29px}.elementor-widget-heading .elementor-heading-title.elementor-size-xl{font-size:39px}.elementor-widget-heading .elementor-heading-title.elementor-size-xxl{font-size:59px}<\/style><h3 class=\"elementor-heading-title elementor-size-default\">Heineken no Festival Popload<\/h3>\t\t<\/div>\n\t\t\t\t<\/div>\n\t\t\t\t<div class=\"elementor-element elementor-element-98d0398 elementor-widget elementor-widget-text-editor\" data-id=\"98d0398\" data-element_type=\"widget\" data-settings=\"{&quot;ekit_we_effect_on&quot;:&quot;none&quot;}\" data-widget_type=\"text-editor.default\">\n\t\t\t\t<div class=\"elementor-widget-container\">\n\t\t\t<style>\/*! elementor - v3.23.0 - 25-07-2024 *\/\n.elementor-widget-text-editor.elementor-drop-cap-view-stacked .elementor-drop-cap{background-color:#69727d;color:#fff}.elementor-widget-text-editor.elementor-drop-cap-view-framed .elementor-drop-cap{color:#69727d;border:3px solid;background-color:transparent}.elementor-widget-text-editor:not(.elementor-drop-cap-view-default) .elementor-drop-cap{margin-top:8px}.elementor-widget-text-editor:not(.elementor-drop-cap-view-default) .elementor-drop-cap-letter{width:1em;height:1em}.elementor-widget-text-editor .elementor-drop-cap{float:left;text-align:center;line-height:1;font-size:50px}.elementor-widget-text-editor .elementor-drop-cap-letter{display:inline-block}<\/style>\t\t\t\t<p>Palco amplificador com ac\u00fastica perfeita para \u00e1rea externa.<br \/>Projeto feito com madeira de reflorestamento e energia gerada por meio de placas solares<\/p>\t\t\t\t\t\t<\/div>\n\t\t\t\t<\/div>\n\t\t\t\t\t<\/div>\n\t\t<\/div>\n\t\t\t\t\t<\/div>\n\t\t<\/section>\n\t\t\t\t<section class=\"elementor-section elementor-inner-section elementor-element elementor-element-2d21599 elementor-reverse-tablet elementor-reverse-mobile elementor-section-boxed elementor-section-height-default elementor-section-height-default elementor-invisible\" data-id=\"2d21599\" data-element_type=\"section\" data-settings=\"{&quot;background_background&quot;:&quot;classic&quot;,&quot;animation&quot;:&quot;fadeInLeft&quot;,&quot;ekit_has_onepagescroll_dot&quot;:&quot;yes&quot;}\">\n\t\t\t\t\t\t<div class=\"elementor-container elementor-column-gap-no\">\n\t\t\t\t\t<div class=\"elementor-column elementor-col-50 elementor-inner-column elementor-element elementor-element-1266114\" data-id=\"1266114\" data-element_type=\"column\">\n\t\t\t<div class=\"elementor-widget-wrap elementor-element-populated\">\n\t\t\t\t\t\t<div class=\"elementor-element elementor-element-f9a9b65 elementor-widget elementor-widget-heading\" data-id=\"f9a9b65\" data-element_type=\"widget\" data-settings=\"{&quot;ekit_we_effect_on&quot;:&quot;none&quot;}\" data-widget_type=\"heading.default\">\n\t\t\t\t<div class=\"elementor-widget-container\">\n\t\t\t<h3 class=\"elementor-heading-title elementor-size-default\">Google Think Agency\n<\/h3>\t\t<\/div>\n\t\t\t\t<\/div>\n\t\t\t\t<div class=\"elementor-element elementor-element-0fe4cd2 elementor-widget elementor-widget-text-editor\" data-id=\"0fe4cd2\" data-element_type=\"widget\" data-settings=\"{&quot;ekit_we_effect_on&quot;:&quot;none&quot;}\" data-widget_type=\"text-editor.default\">\n\t\t\t\t<div class=\"elementor-widget-container\">\n\t\t\t\t\t\t\t<p>Voltado para os principais publicit\u00e1rios do mercado, evento imersivo que teve conota\u00e7\u00e3o do Jazz como conceito para constru\u00e7\u00e3o da comunica\u00e7\u00e3o visual e cenografia.<\/p><p>Afinal, foi uma das maiores casas de jazz do mundo, o grande Blue Note e n\u00e3o poderia ter conota\u00e7\u00e3o melhor.<\/p>\t\t\t\t\t\t<\/div>\n\t\t\t\t<\/div>\n\t\t\t\t<div class=\"elementor-element elementor-element-60c413b elementor-widget__width-initial elementor-absolute elementor-hidden-mobile elementor-widget elementor-widget-image\" data-id=\"60c413b\" data-element_type=\"widget\" data-settings=\"{&quot;_position&quot;:&quot;absolute&quot;,&quot;ekit_we_effect_on&quot;:&quot;none&quot;}\" data-widget_type=\"image.default\">\n\t\t\t\t<div class=\"elementor-widget-container\">\n\t\t\t\t\t\t\t\t\t\t\t\t\t<img decoding=\"async\" width=\"383\" height=\"383\" src=\"https:\/\/agenciarockstar.com.br\/meninascenografia\/wp-content\/uploads\/2024\/08\/mais.png\" class=\"attachment-full size-full wp-image-561\" alt=\"\" srcset=\"https:\/\/agenciarockstar.com.br\/meninascenografia\/wp-content\/uploads\/2024\/08\/mais.png 383w, https:\/\/agenciarockstar.com.br\/meninascenografia\/wp-content\/uploads\/2024\/08\/mais-300x300.png 300w, https:\/\/agenciarockstar.com.br\/meninascenografia\/wp-content\/uploads\/2024\/08\/mais-150x150.png 150w\" sizes=\"(max-width: 383px) 100vw, 383px\" \/>\t\t\t\t\t\t\t\t\t\t\t\t\t<\/div>\n\t\t\t\t<\/div>\n\t\t\t\t<div class=\"elementor-element elementor-element-a5f7e14 elementor-widget__width-initial elementor-absolute elementor-hidden-mobile elementor-widget elementor-widget-image\" data-id=\"a5f7e14\" data-element_type=\"widget\" data-settings=\"{&quot;_position&quot;:&quot;absolute&quot;,&quot;ekit_we_effect_on&quot;:&quot;none&quot;}\" data-widget_type=\"image.default\">\n\t\t\t\t<div class=\"elementor-widget-container\">\n\t\t\t\t\t\t\t\t\t\t\t\t\t<img decoding=\"async\" width=\"383\" height=\"383\" src=\"https:\/\/agenciarockstar.com.br\/meninascenografia\/wp-content\/uploads\/2024\/08\/mais_black.png\" class=\"attachment-full size-full wp-image-565\" alt=\"\" srcset=\"https:\/\/agenciarockstar.com.br\/meninascenografia\/wp-content\/uploads\/2024\/08\/mais_black.png 383w, https:\/\/agenciarockstar.com.br\/meninascenografia\/wp-content\/uploads\/2024\/08\/mais_black-300x300.png 300w, https:\/\/agenciarockstar.com.br\/meninascenografia\/wp-content\/uploads\/2024\/08\/mais_black-150x150.png 150w\" sizes=\"(max-width: 383px) 100vw, 383px\" \/>\t\t\t\t\t\t\t\t\t\t\t\t\t<\/div>\n\t\t\t\t<\/div>\n\t\t\t\t\t<\/div>\n\t\t<\/div>\n\t\t\t\t<div class=\"elementor-column elementor-col-50 elementor-inner-column elementor-element elementor-element-61a0fcd\" data-id=\"61a0fcd\" data-element_type=\"column\">\n\t\t\t<div class=\"elementor-widget-wrap elementor-element-populated\">\n\t\t\t\t\t\t<div class=\"elementor-element elementor-element-8257a91 elementor-widget elementor-widget-image\" data-id=\"8257a91\" data-element_type=\"widget\" data-settings=\"{&quot;ekit_we_effect_on&quot;:&quot;none&quot;}\" data-widget_type=\"image.default\">\n\t\t\t\t<div class=\"elementor-widget-container\">\n\t\t\t\t\t\t\t\t\t\t\t\t\t<img loading=\"lazy\" decoding=\"async\" width=\"696\" height=\"675\" src=\"https:\/\/agenciarockstar.com.br\/meninascenografia\/wp-content\/uploads\/2024\/08\/GOOGLE-THINK.png\" class=\"attachment-full size-full wp-image-390\" alt=\"\" srcset=\"https:\/\/agenciarockstar.com.br\/meninascenografia\/wp-content\/uploads\/2024\/08\/GOOGLE-THINK.png 696w, https:\/\/agenciarockstar.com.br\/meninascenografia\/wp-content\/uploads\/2024\/08\/GOOGLE-THINK-300x291.png 300w\" sizes=\"(max-width: 696px) 100vw, 696px\" \/>\t\t\t\t\t\t\t\t\t\t\t\t\t<\/div>\n\t\t\t\t<\/div>\n\t\t\t\t\t<\/div>\n\t\t<\/div>\n\t\t\t\t\t<\/div>\n\t\t<\/section>\n\t\t\t\t<section class=\"elementor-section elementor-inner-section elementor-element elementor-element-014353c elementor-section-boxed elementor-section-height-default elementor-section-height-default elementor-invisible\" data-id=\"014353c\" data-element_type=\"section\" data-settings=\"{&quot;animation&quot;:&quot;fadeInRight&quot;,&quot;ekit_has_onepagescroll_dot&quot;:&quot;yes&quot;}\">\n\t\t\t\t\t\t<div class=\"elementor-container elementor-column-gap-no\">\n\t\t\t\t\t<div class=\"elementor-column elementor-col-50 elementor-inner-column elementor-element elementor-element-8c3ba52\" data-id=\"8c3ba52\" data-element_type=\"column\">\n\t\t\t<div class=\"elementor-widget-wrap elementor-element-populated\">\n\t\t\t\t\t\t<div class=\"elementor-element elementor-element-ed1bb6c elementor-widget elementor-widget-image\" data-id=\"ed1bb6c\" data-element_type=\"widget\" data-settings=\"{&quot;ekit_we_effect_on&quot;:&quot;none&quot;}\" data-widget_type=\"image.default\">\n\t\t\t\t<div class=\"elementor-widget-container\">\n\t\t\t\t\t\t\t\t\t\t\t\t\t<img loading=\"lazy\" decoding=\"async\" width=\"810\" height=\"540\" src=\"https:\/\/agenciarockstar.com.br\/meninascenografia\/wp-content\/uploads\/2024\/08\/03.jpg\" class=\"attachment-full size-full wp-image-388\" alt=\"\" srcset=\"https:\/\/agenciarockstar.com.br\/meninascenografia\/wp-content\/uploads\/2024\/08\/03.jpg 810w, https:\/\/agenciarockstar.com.br\/meninascenografia\/wp-content\/uploads\/2024\/08\/03-300x200.jpg 300w, https:\/\/agenciarockstar.com.br\/meninascenografia\/wp-content\/uploads\/2024\/08\/03-768x512.jpg 768w\" sizes=\"(max-width: 810px) 100vw, 810px\" \/>\t\t\t\t\t\t\t\t\t\t\t\t\t<\/div>\n\t\t\t\t<\/div>\n\t\t\t\t\t<\/div>\n\t\t<\/div>\n\t\t\t\t<div class=\"elementor-column elementor-col-50 elementor-inner-column elementor-element elementor-element-c3bdff4\" data-id=\"c3bdff4\" data-element_type=\"column\">\n\t\t\t<div class=\"elementor-widget-wrap elementor-element-populated\">\n\t\t\t\t\t\t<div class=\"elementor-element elementor-element-368dc23 elementor-widget elementor-widget-heading\" data-id=\"368dc23\" data-element_type=\"widget\" data-settings=\"{&quot;ekit_we_effect_on&quot;:&quot;none&quot;}\" data-widget_type=\"heading.default\">\n\t\t\t\t<div class=\"elementor-widget-container\">\n\t\t\t<h3 class=\"elementor-heading-title elementor-size-default\">Transformadores da Beleza Conven\u00e7\u00e3o Nacional Grupo O Botic\u00e1rio<\/h3>\t\t<\/div>\n\t\t\t\t<\/div>\n\t\t\t\t<div class=\"elementor-element elementor-element-527d874 elementor-widget elementor-widget-text-editor\" data-id=\"527d874\" data-element_type=\"widget\" data-settings=\"{&quot;ekit_we_effect_on&quot;:&quot;none&quot;}\" data-widget_type=\"text-editor.default\">\n\t\t\t\t<div class=\"elementor-widget-container\">\n\t\t\t\t\t\t\t<p>As estrelas s\u00e3o as colaboradoras do Grupo!<br \/>E o seu sucesso transcende at\u00e9 as gal\u00e1xias!<\/p><p>Projeto todo especial feito artesanalmente com tem\u00e1tica do Universo, dos Planetas.<\/p><p>Super sucesso!<\/p>\t\t\t\t\t\t<\/div>\n\t\t\t\t<\/div>\n\t\t\t\t\t<\/div>\n\t\t<\/div>\n\t\t\t\t\t<\/div>\n\t\t<\/section>\n\t\t\t\t<div class=\"elementor-element elementor-element-f95a10b elementor-widget__width-initial elementor-absolute elementor-hidden-mobile elementor-widget elementor-widget-image\" data-id=\"f95a10b\" data-element_type=\"widget\" data-settings=\"{&quot;_position&quot;:&quot;absolute&quot;,&quot;ekit_we_effect_on&quot;:&quot;none&quot;}\" data-widget_type=\"image.default\">\n\t\t\t\t<div class=\"elementor-widget-container\">\n\t\t\t\t\t\t\t\t\t\t\t\t\t<img decoding=\"async\" width=\"383\" height=\"383\" src=\"https:\/\/agenciarockstar.com.br\/meninascenografia\/wp-content\/uploads\/2024\/08\/mais_black.png\" class=\"attachment-full size-full wp-image-565\" alt=\"\" srcset=\"https:\/\/agenciarockstar.com.br\/meninascenografia\/wp-content\/uploads\/2024\/08\/mais_black.png 383w, https:\/\/agenciarockstar.com.br\/meninascenografia\/wp-content\/uploads\/2024\/08\/mais_black-300x300.png 300w, https:\/\/agenciarockstar.com.br\/meninascenografia\/wp-content\/uploads\/2024\/08\/mais_black-150x150.png 150w\" sizes=\"(max-width: 383px) 100vw, 383px\" \/>\t\t\t\t\t\t\t\t\t\t\t\t\t<\/div>\n\t\t\t\t<\/div>\n\t\t\t\t<div class=\"elementor-element elementor-element-ba902c0 elementor-widget__width-initial elementor-absolute elementor-hidden-mobile elementor-widget elementor-widget-image\" data-id=\"ba902c0\" data-element_type=\"widget\" data-settings=\"{&quot;_position&quot;:&quot;absolute&quot;,&quot;ekit_we_effect_on&quot;:&quot;none&quot;}\" data-widget_type=\"image.default\">\n\t\t\t\t<div class=\"elementor-widget-container\">\n\t\t\t\t\t\t\t\t\t\t\t\t\t<img decoding=\"async\" width=\"383\" height=\"383\" src=\"https:\/\/agenciarockstar.com.br\/meninascenografia\/wp-content\/uploads\/2024\/08\/mais.png\" class=\"attachment-full size-full wp-image-561\" alt=\"\" srcset=\"https:\/\/agenciarockstar.com.br\/meninascenografia\/wp-content\/uploads\/2024\/08\/mais.png 383w, https:\/\/agenciarockstar.com.br\/meninascenografia\/wp-content\/uploads\/2024\/08\/mais-300x300.png 300w, https:\/\/agenciarockstar.com.br\/meninascenografia\/wp-content\/uploads\/2024\/08\/mais-150x150.png 150w\" sizes=\"(max-width: 383px) 100vw, 383px\" \/>\t\t\t\t\t\t\t\t\t\t\t\t\t<\/div>\n\t\t\t\t<\/div>\n\t\t\t\t<div class=\"elementor-element elementor-element-4d96aa7 elementor-widget__width-initial elementor-absolute elementor-hidden-mobile elementor-widget elementor-widget-image\" data-id=\"4d96aa7\" data-element_type=\"widget\" data-settings=\"{&quot;_position&quot;:&quot;absolute&quot;,&quot;ekit_we_effect_on&quot;:&quot;none&quot;}\" data-widget_type=\"image.default\">\n\t\t\t\t<div class=\"elementor-widget-container\">\n\t\t\t\t\t\t\t\t\t\t\t\t\t<img decoding=\"async\" width=\"383\" height=\"383\" src=\"https:\/\/agenciarockstar.com.br\/meninascenografia\/wp-content\/uploads\/2024\/08\/mais_black.png\" class=\"attachment-full size-full wp-image-565\" alt=\"\" srcset=\"https:\/\/agenciarockstar.com.br\/meninascenografia\/wp-content\/uploads\/2024\/08\/mais_black.png 383w, https:\/\/agenciarockstar.com.br\/meninascenografia\/wp-content\/uploads\/2024\/08\/mais_black-300x300.png 300w, https:\/\/agenciarockstar.com.br\/meninascenografia\/wp-content\/uploads\/2024\/08\/mais_black-150x150.png 150w\" sizes=\"(max-width: 383px) 100vw, 383px\" \/>\t\t\t\t\t\t\t\t\t\t\t\t\t<\/div>\n\t\t\t\t<\/div>\n\t\t\t\t<div class=\"elementor-element elementor-element-84b5cb8 elementor-widget__width-initial elementor-absolute elementor-hidden-mobile elementor-widget elementor-widget-image\" data-id=\"84b5cb8\" data-element_type=\"widget\" data-settings=\"{&quot;_position&quot;:&quot;absolute&quot;,&quot;ekit_we_effect_on&quot;:&quot;none&quot;}\" data-widget_type=\"image.default\">\n\t\t\t\t<div class=\"elementor-widget-container\">\n\t\t\t\t\t\t\t\t\t\t\t\t\t<img decoding=\"async\" width=\"383\" height=\"383\" src=\"https:\/\/agenciarockstar.com.br\/meninascenografia\/wp-content\/uploads\/2024\/08\/mais.png\" class=\"attachment-full size-full wp-image-561\" alt=\"\" srcset=\"https:\/\/agenciarockstar.com.br\/meninascenografia\/wp-content\/uploads\/2024\/08\/mais.png 383w, https:\/\/agenciarockstar.com.br\/meninascenografia\/wp-content\/uploads\/2024\/08\/mais-300x300.png 300w, https:\/\/agenciarockstar.com.br\/meninascenografia\/wp-content\/uploads\/2024\/08\/mais-150x150.png 150w\" sizes=\"(max-width: 383px) 100vw, 383px\" \/>\t\t\t\t\t\t\t\t\t\t\t\t\t<\/div>\n\t\t\t\t<\/div>\n\t\t\t\t<div class=\"elementor-element elementor-element-0d74808 elementor-widget__width-initial elementor-absolute elementor-hidden-mobile elementor-widget elementor-widget-image\" data-id=\"0d74808\" data-element_type=\"widget\" data-settings=\"{&quot;_position&quot;:&quot;absolute&quot;,&quot;ekit_we_effect_on&quot;:&quot;none&quot;}\" data-widget_type=\"image.default\">\n\t\t\t\t<div class=\"elementor-widget-container\">\n\t\t\t\t\t\t\t\t\t\t\t\t\t<img decoding=\"async\" width=\"383\" height=\"383\" src=\"https:\/\/agenciarockstar.com.br\/meninascenografia\/wp-content\/uploads\/2024\/08\/mais.png\" class=\"attachment-full size-full wp-image-561\" alt=\"\" srcset=\"https:\/\/agenciarockstar.com.br\/meninascenografia\/wp-content\/uploads\/2024\/08\/mais.png 383w, https:\/\/agenciarockstar.com.br\/meninascenografia\/wp-content\/uploads\/2024\/08\/mais-300x300.png 300w, https:\/\/agenciarockstar.com.br\/meninascenografia\/wp-content\/uploads\/2024\/08\/mais-150x150.png 150w\" sizes=\"(max-width: 383px) 100vw, 383px\" \/>\t\t\t\t\t\t\t\t\t\t\t\t\t<\/div>\n\t\t\t\t<\/div>\n\t\t\t\t\t<\/div>\n\t\t<\/div>\n\t\t\t\t\t<\/div>\n\t\t<\/section>\n\t\t\t\t<\/div>\n\t\t","protected":false},"excerpt":{"rendered":"<p>Home Nossos Cases Heineken no Festival Popload Palco amplificador com ac\u00fastica perfeita para \u00e1rea externa.Projeto feito com madeira de reflorestamento e energia gerada por meio de placas solares Google Think Agency Voltado para os principais publicit\u00e1rios do mercado, evento imersivo que teve conota\u00e7\u00e3o do Jazz como conceito para constru\u00e7\u00e3o da comunica\u00e7\u00e3o visual e cenografia. Afinal, [&hellip;]<\/p>\n","protected":false},"author":1,"featured_media":0,"parent":0,"menu_order":0,"comment_status":"closed","ping_status":"closed","template":"elementor_header_footer","meta":{"footnotes":""},"class_list":["post-121","page","type-page","status-publish","hentry"],"_links":{"self":[{"href":"https:\/\/agenciarockstar.com.br\/meninascenografia\/wp-json\/wp\/v2\/pages\/121"}],"collection":[{"href":"https:\/\/agenciarockstar.com.br\/meninascenografia\/wp-json\/wp\/v2\/pages"}],"about":[{"href":"https:\/\/agenciarockstar.com.br\/meninascenografia\/wp-json\/wp\/v2\/types\/page"}],"author":[{"embeddable":true,"href":"https:\/\/agenciarockstar.com.br\/meninascenografia\/wp-json\/wp\/v2\/users\/1"}],"replies":[{"embeddable":true,"href":"https:\/\/agenciarockstar.com.br\/meninascenografia\/wp-json\/wp\/v2\/comments?post=121"}],"version-history":[{"count":46,"href":"https:\/\/agenciarockstar.com.br\/meninascenografia\/wp-json\/wp\/v2\/pages\/121\/revisions"}],"predecessor-version":[{"id":783,"href":"https:\/\/agenciarockstar.com.br\/meninascenografia\/wp-json\/wp\/v2\/pages\/121\/revisions\/783"}],"wp:attachment":[{"href":"https:\/\/agenciarockstar.com.br\/meninascenografia\/wp-json\/wp\/v2\/media?parent=121"}],"curies":[{"name":"wp","href":"https:\/\/api.w.org\/{rel}","templated":true}]}}